{"id":11554,"date":"2021-12-07T10:26:25","date_gmt":"2021-12-07T10:26:25","guid":{"rendered":"http:\/\/localhost\/garden\/?page_id=11554"},"modified":"2022-07-10T13:09:46","modified_gmt":"2022-07-10T11:09:46","slug":"aktyprawne","status":"publish","type":"page","link":"https:\/\/bioekspert.pl\/index.php\/aktyprawne\/","title":{"rendered":"AKTY PRAWNE"},"content":{"rendered":"\t\t<div data-elementor-type=\"wp-page\" data-elementor-id=\"11554\" class=\"elementor elementor-11554\">\n\t\t\t\t\t\t<section class=\"elementor-section elementor-top-section elementor-element elementor-element-fb4c5a8 elementor-section-boxed elementor-section-height-default elementor-section-height-default\" data-id=\"fb4c5a8\" data-element_type=\"section\" data-e-type=\"section\">\n\t\t\t\t\t\t<div class=\"elementor-container elementor-column-gap-default\">\n\t\t\t\t\t<div class=\"elementor-column elementor-col-50 elementor-top-column elementor-element elementor-element-245433d\" data-id=\"245433d\" data-element_type=\"column\" data-e-type=\"column\">\n\t\t\t<div class=\"elementor-widget-wrap elementor-element-populated\">\n\t\t\t\t\t\t<div class=\"elementor-element elementor-element-01c25d6 poket-star-rating--align-center poket-star-rating--align-center elementor-widget elementor-widget-witr_section_list\" data-id=\"01c25d6\" data-element_type=\"widget\" data-e-type=\"widget\" data-widget_type=\"witr_section_list.default\">\n\t\t\t\t<div class=\"elementor-widget-container\">\n\t\t\t\t\t\t\t\n\t\t\t<div class=\"departmentList all_list_color\">\n\t\t\t\t<!-- title -->\n\t\t\t\t\t\t\t\t<h3>Dokumenty <\/h3>\n\t\t\t\t\n\t\t\t\t\t<ul>\n\t\t\t\t\t\t\t\t\t\t\t\t\t\t\t\t\t\t<li>\n\t\t\t\t\t\t\t\t \n\t\t\t\t\t\t\t\t\t<a href=\"https:\/\/eur-lex.europa.eu\/legal-content\/PL\/TXT\/PDF\/?uri=CELEX:02018R0848-20220101&from=EN\">\n\t\t\t\t\t\t\t\t\t\t\t\t\t\t\t\t\t\t\t\t\t<i class=\"fas fa-angle-double-right\"><\/i>\n\t\t\t\t\t\t\t\t\t\tRozporz\u0105dzenie (UE) 2018\/848<\/a>\n\t\t\t\t\t\t\t\t\t\t\t\t\t\t\t<li>\n\t\t\t\t\t\t\t\t \n\t\t\t\t\t\t\t\t\t<a href=\"https:\/\/bioekspert.pl\/wp-content\/uploads\/2022\/07\/00-D20221370-nowa-ustawa-o-rolnictwie-ekologicznym.pdf\">\n\t\t\t\t\t\t\t\t\t\t\t\t\t\t\t\t\t\t\t\t\t<i class=\"fas fa-angle-double-right\"><\/i>\n\t\t\t\t\t\t\t\t\t\tUstawa o Rolnictwie Ekologicznym<\/a>\n\t\t\t\t\t\t\t\t\t\t\t\t\t\t\t<li>\n\t\t\t\t\t\t\t\t \n\t\t\t\t\t\t\t\t\t<a href=\"https:\/\/www.gov.pl\/web\/rolnictwo\/ochrona-roslin-w-rolnictwie-ekologicznym\">\n\t\t\t\t\t\t\t\t\t\t\t\t\t\t\t\t\t\t\t\t\t<i class=\"fas fa-angle-double-right\"><\/i>\n\t\t\t\t\t\t\t\t\t\t\u015arodki ochrony ro\u015blin dopuszczone do stosowania w rolnictwie ekologicznym <\/a>\n\t\t\t\t\t\t\t\t\t\t\t\t\t\t\t<li>\n\t\t\t\t\t\t\t\t \n\t\t\t\t\t\t\t\t\t<a href=\"https:\/\/www.ior.poznan.pl\/1631,srodki-ochrony-roslin-do-upraw-ekologicznych\">\n\t\t\t\t\t\t\t\t\t\t\t\t\t\t\t\t\t\t\t\t\t<i class=\"fas fa-angle-double-right\"><\/i>\n\t\t\t\t\t\t\t\t\t\tInstytut Ochrony Ro\u015blin<BR>Pa\u0144stwowy Instytut Badawczy<br>Ochrona ro\u015blin w rolnictwie ekologicznym<\/a>\n\t\t\t\t\t\t\t\t\t\t\t\t\t\t\t<li>\n\t\t\t\t\t\t\t\t \n\t\t\t\t\t\t\t\t\t<a href=\"https:\/\/www.iung.pl\/wp-content\/uploads\/2022\/01\/Wykaz_ekologia1.pdf\">\n\t\t\t\t\t\t\t\t\t\t\t\t\t\t\t\t\t\t\t\t\t<i class=\"fas fa-angle-double-right\"><\/i>\n\t\t\t\t\t\t\t\t\t\tNawozy i \u015brodki poprawiaj\u0105ce w\u0142a\u015bciwo\u015bci gleby zakwalifikowane do stosowania w rolnictwie ekologicznym<\/a>\n\t\t\t\t\t\t\t\t\t\t\t\t\t\t\t<li>\n\t\t\t\t\t\t\t\t \n\t\t\t\t\t\t\t\t\t<a href=\"https:\/\/www.iung.pl\/informacje\/do-pobrania\/\">\n\t\t\t\t\t\t\t\t\t\t\t\t\t\t\t\t\t\t\t\t\t<i class=\"fas fa-angle-double-right\"><\/i>\n\t\t\t\t\t\t\t\t\t\tInstytut Uprawy Nawo\u017cenia i Gleboznawstwa (IUNG)<\/a>\n\t\t\t\t\t\t\t\t\t\t\t\t\t\n\t\t\t\t\t<\/ul>\t\t\t\t\t\n\t\t\t\t<!-- button -->\n\t\t\t\t\t\t\t\t\n\t\t\t<\/div>\t\t\n\n\t\t\t\t\t\t<\/div>\n\t\t\t\t<\/div>\n\t\t\t\t\t<\/div>\n\t\t<\/div>\n\t\t\t\t<div class=\"elementor-column elementor-col-50 elementor-top-column elementor-element elementor-element-cfdc0e7\" data-id=\"cfdc0e7\" data-element_type=\"column\" data-e-type=\"column\">\n\t\t\t<div class=\"elementor-widget-wrap elementor-element-populated\">\n\t\t\t\t\t\t<section class=\"elementor-section elementor-inner-section elementor-element elementor-element-0005cc3 elementor-section-boxed elementor-section-height-default elementor-section-height-default\" data-id=\"0005cc3\" data-element_type=\"section\" data-e-type=\"section\">\n\t\t\t\t\t\t<div class=\"elementor-container elementor-column-gap-default\">\n\t\t\t\t\t<div class=\"elementor-column elementor-col-100 elementor-inner-column elementor-element elementor-element-d01b7f7\" data-id=\"d01b7f7\" data-element_type=\"column\" data-e-type=\"column\">\n\t\t\t<div class=\"elementor-widget-wrap elementor-element-populated\">\n\t\t\t\t\t\t<div class=\"elementor-element elementor-element-db3e30b elementor-widget elementor-widget-image\" data-id=\"db3e30b\" data-element_type=\"widget\" data-e-type=\"widget\" data-widget_type=\"image.default\">\n\t\t\t\t<div class=\"elementor-widget-container\">\n\t\t\t\t\t\t\t\t\t\t\t\t\t\t\t<img fetchpriority=\"high\" decoding=\"async\" width=\"900\" height=\"550\" src=\"https:\/\/bioekspert.pl\/wp-content\/uploads\/2020\/10\/blog-02.jpg\" class=\"attachment-large size-large wp-image-11359\" alt=\"\" srcset=\"https:\/\/bioekspert.pl\/wp-content\/uploads\/2020\/10\/blog-02.jpg 900w, https:\/\/bioekspert.pl\/wp-content\/uploads\/2020\/10\/blog-02-300x183.jpg 300w, https:\/\/bioekspert.pl\/wp-content\/uploads\/2020\/10\/blog-02-768x469.jpg 768w\" sizes=\"(max-width: 900px) 100vw, 900px\" \/>\t\t\t\t\t\t\t\t\t\t\t\t\t\t\t<\/div>\n\t\t\t\t<\/div>\n\t\t\t\t\t<\/div>\n\t\t<\/div>\n\t\t\t\t\t<\/div>\n\t\t<\/section>\n\t\t\t\t<div class=\"elementor-element elementor-element-bd645fe elementor-widget elementor-widget-witr_section_t_widget\" data-id=\"bd645fe\" data-element_type=\"widget\" data-e-type=\"widget\" data-widget_type=\"witr_section_t_widget.default\">\n\t\t\t\t<div class=\"elementor-widget-container\">\n\t\t\t\t\t\t\t\t\t\t<!-- text widget center -->\n\t\t\t\t\t<div class=\"witr_text_widget\">\n\t\t\t\t\t\t<div class=\"witr_text_widget_inner\">\n\t\t\t\t\t\t\t<!-- text widget top -->\n\t\t\t\t\t\t\t\t\t\t\t\t\t\n\t\t\t\t\t\t\t<!-- text widget middle -->\n\t\t\t\t\t\t\t\t\t\t\t\t\t\t<!-- text widget bottom -->\n\t\t\t\t\t\t\t\t\t\t\t\t\t\n\t\t\t\t\t\t\t<!-- content -->\n\t\t\t\t\t\t\t\t\t\t\t\t\t\t\t<p><p><strong><em>\"Produkcja ekologiczna jest og\u00f3lnym systemem zarz\u0105dzania gospodarstwem i produkcji \u017cywno\u015bci, \u0142\u0105cz\u0105cym najkorzystniejsze dla \u015brodowiska praktyki, wysoki stopie\u0144 r\u00f3\u017cnorodno\u015bci biologicznej, ochron\u0119 zasob\u00f3w naturalnych, stosowanie wysokich standard\u00f3w dotycz\u0105cych dobrostanu zwierz\u0105 i metod\u0119 produkcji odpowiadaj\u0105c\u0105 wymaganiom niekt\u00f3rych konsument\u00f3w preferuj\u0105cych wyroby wytwarzane przy u\u017cyciu substancji naturalnych i naturalnych proces\u00f3w.\"<\/em><\/strong><\/p><\/p>\t\t\n\t\t\t\t\t\t\t\t\t\t\t\t\t\t\n\t\t\t\t\t\t\t<!--- List content --->\n\t\t\t\t\t\t\t<div class=\"witr_widget_list\">\n\t\t\t\t\t\t\t\t<ul>\t\t\t\t\t\t\t\n\t\t\t\t\t\t\t\t\t\t\t\t\t\t\t\t\t<\/ul>\n\t\t\t\t\t\t\t\t\t\n\t\t\t\t\t\t\t<\/div>\t\t\t\t\t\t\t\n\t\t\t\t\t\t<\/div>\n\t\t\t\t\t<\/div>\n\n\t\t\t\t\t\t\t\t<\/div>\n\t\t\t\t<\/div>\n\t\t\t\t<div class=\"elementor-element elementor-element-cee4841 elementor-widget elementor-widget-witr_section_t_widget\" data-id=\"cee4841\" data-element_type=\"widget\" data-e-type=\"widget\" data-widget_type=\"witr_section_t_widget.default\">\n\t\t\t\t<div class=\"elementor-widget-container\">\n\t\t\t\t\t\t\t\t\t\t<!-- text widget center -->\n\t\t\t\t\t<div class=\"witr_text_widget\">\n\t\t\t\t\t\t<div class=\"witr_text_widget_inner\">\n\t\t\t\t\t\t\t<!-- text widget top -->\n\t\t\t\t\t\t\t\t\t\t\t\t\t\n\t\t\t\t\t\t\t<!-- text widget middle -->\n\t\t\t\t\t\t\t\t\t\t\t\t\t\t<!-- text widget bottom -->\n\t\t\t\t\t\t\t\t\t\t\t\t\t\n\t\t\t\t\t\t\t<!-- content -->\n\t\t\t\t\t\t\t\t\t\t\t\t\t\t\t<p><p>Dokumenty z tej kategorii mo\u017cna pobra\u0107 r\u00f3wnie\u017c ze strony\u00a0<a href=\"https:\/\/www.gov.pl\/web\/rolnictwo\/przepisy-unijne\">Ministerstwa Rolnictwa i Rozwoju Wsi<\/a><\/p><\/p>\t\t\n\t\t\t\t\t\t\t\t\t\t\t\t\t\t\n\t\t\t\t\t\t\t<!--- List content --->\n\t\t\t\t\t\t\t<div class=\"witr_widget_list\">\n\t\t\t\t\t\t\t\t<ul>\t\t\t\t\t\t\t\n\t\t\t\t\t\t\t\t\t\t\t\t\t\t\t\t\t<\/ul>\n\t\t\t\t\t\t\t\t\t\n\t\t\t\t\t\t\t<\/div>\t\t\t\t\t\t\t\n\t\t\t\t\t\t<\/div>\n\t\t\t\t\t<\/div>\n\n\t\t\t\t\t\t\t\t<\/div>\n\t\t\t\t<\/div>\n\t\t\t\t\t<\/div>\n\t\t<\/div>\n\t\t\t\t\t<\/div>\n\t\t<\/section>\n\t\t\t\t<\/div>\n\t\t","protected":false},"excerpt":{"rendered":"<p>Dokumenty Rozporz\u0105dzenie (UE) 2018\/848 Ustawa o Rolnictwie Ekologicznym \u015arodki ochrony ro\u015blin dopuszczone do stosowania w rolnictwie ekologicznym Instytut Ochrony Ro\u015blinPa\u0144stwowy Instytut BadawczyOchrona ro\u015blin w rolnictwie ekologicznym Nawozy i \u015brodki poprawiaj\u0105ce w\u0142a\u015bciwo\u015bci gleby zakwalifikowane do stosowania w rolnictwie ekologicznym Instytut Uprawy Nawo\u017cenia i Gleboznawstwa (IUNG) &#8220;Produkcja ekologiczna jest og\u00f3lnym systemem zarz\u0105dzania gospodarstwem i produkcji \u017cywno\u015bci, \u0142\u0105cz\u0105cym [&hellip;]<\/p>\n","protected":false},"author":1,"featured_media":0,"parent":0,"menu_order":0,"comment_status":"closed","ping_status":"closed","template":"template-home.php","meta":{"footnotes":""},"class_list":["post-11554","page","type-page","status-publish","hentry"],"_links":{"self":[{"href":"https:\/\/bioekspert.pl\/index.php\/wp-json\/wp\/v2\/pages\/11554","targetHints":{"allow":["GET"]}}],"collection":[{"href":"https:\/\/bioekspert.pl\/index.php\/wp-json\/wp\/v2\/pages"}],"about":[{"href":"https:\/\/bioekspert.pl\/index.php\/wp-json\/wp\/v2\/types\/page"}],"author":[{"embeddable":true,"href":"https:\/\/bioekspert.pl\/index.php\/wp-json\/wp\/v2\/users\/1"}],"replies":[{"embeddable":true,"href":"https:\/\/bioekspert.pl\/index.php\/wp-json\/wp\/v2\/comments?post=11554"}],"version-history":[{"count":3,"href":"https:\/\/bioekspert.pl\/index.php\/wp-json\/wp\/v2\/pages\/11554\/revisions"}],"predecessor-version":[{"id":13302,"href":"https:\/\/bioekspert.pl\/index.php\/wp-json\/wp\/v2\/pages\/11554\/revisions\/13302"}],"wp:attachment":[{"href":"https:\/\/bioekspert.pl\/index.php\/wp-json\/wp\/v2\/media?parent=11554"}],"curies":[{"name":"wp","href":"https:\/\/api.w.org\/{rel}","templated":true}]}}