{"id":12416,"date":"2022-01-19T08:57:30","date_gmt":"2022-01-19T07:57:30","guid":{"rendered":"https:\/\/strona.bioekspert.com\/?page_id=12416"},"modified":"2024-02-06T12:16:37","modified_gmt":"2024-02-06T11:16:37","slug":"import-eksport","status":"publish","type":"page","link":"https:\/\/bioekspert.pl\/index.php\/import-eksport\/","title":{"rendered":"IMPORT \/ EKSPORT"},"content":{"rendered":"\t\t<div data-elementor-type=\"wp-page\" data-elementor-id=\"12416\" class=\"elementor elementor-12416\">\n\t\t\t\t\t\t<section class=\"elementor-section elementor-top-section elementor-element elementor-element-cbab206 elementor-section-boxed elementor-section-height-default elementor-section-height-default\" data-id=\"cbab206\" data-element_type=\"section\" data-e-type=\"section\" data-settings=\"{&quot;background_background&quot;:&quot;classic&quot;}\">\n\t\t\t\t\t\t<div class=\"elementor-container elementor-column-gap-default\">\n\t\t\t\t\t<div class=\"elementor-column elementor-col-100 elementor-top-column elementor-element elementor-element-623cab2\" data-id=\"623cab2\" data-element_type=\"column\" data-e-type=\"column\">\n\t\t\t<div class=\"elementor-widget-wrap elementor-element-populated\">\n\t\t\t\t\t\t<div class=\"elementor-element elementor-element-67d7dd9 poket-star-rating--align-center elementor-widget elementor-widget-witr_section_title\" data-id=\"67d7dd9\" data-element_type=\"widget\" data-e-type=\"widget\" data-widget_type=\"witr_section_title.default\">\n\t\t\t\t<div class=\"elementor-widget-container\">\n\t\t\t\t\t\t\t\t\t\t<!-- title center -->\n\t\t\t\t\t<div class=\"witr_section_title\">\n\t\t\t\t\t\t<div class=\"witr_section_title_inner text-center\">\n\n\t\t\t\t\t\t\t<!-- icon position -->\n\t\t\t\t\t\t\t\t\n\t\t\t\t\t\t\t<!-- end icon position -->\n\t\t\t\t\t\t\t\n\t\t\t\t\t\t\n\t\t\t\t\t\t\t<!-- title top -->\n\t\t\t\t\t\t\t\n\n\t\t\t\t\t\t\t<!-- icon position -->\n\t\t\t\t\t\t\t\t\n\t\t\t\t\t\t\t<!-- end icon position -->\n\n\n\t\t\t\t\t\t\t\n\t\t\t\t\t\t\t<!-- title middle -->\n\t\t\t\t\t\t\t\t\t\t\t\t\t\t\t<h3>ZG\u0141OSZENIE DZIA\u0141ALNO\u015aCI<\/h3>\t\t\n\t\t\t\t\t\t\t\t\t\t\t\t\t\t<!-- title bottom -->\n\t\t\t\t\t\t\t\n\t\t\t\t\t\t\t\n\t\t\t\t\t\t\t\n\t\t\t\t\t\t\t\t\t\t\t\t\t\t\n\t\t\t\t\t\t\t<!-- image -->\n\t\t\t\t\t\t\t\t\t\t\t\t\t\t<!-- icon -->\n\t\t\t\t\t\t\t\t\t\t\t\t\t\t\n\t\t\t\t\t\t\t<!-- bar -->\n\t\t\t\t\t\t\t\t\t\t\t\t\t\t<!-- circle bar -->\n\t\t\t\t\t\t\t\t\t\t\t\t\t\t\n\t\t\t\t\t\t\t\t\n\t\t\t\t\t\t\t\n\n\t\t\t\t\t\t\t\n\t\t\t\t\t\t\t<!-- content -->\n\t\t\t\t\t\t\t\t\t\t\t\t\t\t\n\t\t\t\t\t\t<\/div>\n\t\t\t\t\t\t\t<!-- inner title -->\n\t\t\t\t\t\t\t\t\t\t\t\t\t\n\t\t\t\t\t<\/div>\n\n\t\t\t\t\t\t\t\t<\/div>\n\t\t\t\t<\/div>\n\t\t\t\t<div class=\"elementor-element elementor-element-4c15f49 poket-star-rating--align-center elementor-widget elementor-widget-witr_section_list\" data-id=\"4c15f49\" data-element_type=\"widget\" data-e-type=\"widget\" data-widget_type=\"witr_section_list.default\">\n\t\t\t\t<div class=\"elementor-widget-container\">\n\t\t\t\t\t\t\t\n\t\t\t<div class=\"departmentList all_list_color\">\n\t\t\t\t<!-- title -->\n\t\t\t\t\n\t\t\t\t\t<ul>\n\t\t\t\t\t\t\t\t\t\t\t\t\t\t\t\t\t\t<li>\n\t\t\t\t\t\t\t\t\t\t\t\t\t\t\t\t<span>\n\t\t\t\t\t\t\t\t\t\t\t\t\t\t\t\t\t\t\t<i class=\"fas fa-check-circle\"><\/i>\n\t\t\t\t\t\t\t\t\tProducent wype\u0142nia zg\u0142oszenie w dw\u00f3ch egzemplarzach, jeden egzemplarz wysy\u0142a do JC Bioekspert, (dopuszczalna jest wersja elektroniczna \u2013 skan podpisanego dokumentu), drugi egzemplarz zachowuje w dokumentacji przedsi\u0119biorstwa.\t\t\t\t\t\t\t\t<\/span>\n\t\t\t\t\t\t\t<\/li>\n\t\t\t\t\t\t\t\t\t\t\t\n\t\t\t\t\t<\/ul>\t\t\t\t\t\n\t\t\t\t<!-- button -->\n\t\t\t\t\t\t\t\t\n\t\t\t<\/div>\t\t\n\n\t\t\t\t\t\t<\/div>\n\t\t\t\t<\/div>\n\t\t\t\t<div class=\"elementor-element elementor-element-d747bff poket-star-rating--align-center poket-star-rating--align-center elementor-widget elementor-widget-witr_section_button\" data-id=\"d747bff\" data-element_type=\"widget\" data-e-type=\"widget\" data-widget_type=\"witr_section_button.default\">\n\t\t\t\t<div class=\"elementor-widget-container\">\n\t\t\t\t\t<!-- area -->\n\t\t\t<div class=\"witr_button_area\">\n\n\t\t\t\t\t\t\t\t<!--  post meta -->\n\n\n\t\t\t\t\t\t\t\t\t<!-- btn default style -->\n\t\t\t\t\t<div class=\"witr_btn_style mr\">\n\t\t\t\t\t\t<div class=\"witr_btn_sinner\">\t\n\t\t\t\t\t\t\n\t\t\t\t\t\t\t\t\t\t\t\t\t\t\t\t\t\t\t\t\t\t\t\t\t\t<a href=\"\/index.php\/2022\/02\/15\/zgloszenie-dzialalnosci-w-zakresie-rolnictwa-ekologicznego-2\/\" class=\"witr_btn\">ZG\u0141OSZENIE DZIA\u0141ALNO\u015aCI W ZAKRESIE ROLNICTWA EKOLOGICZNEGO \t\t\t\t\t\t\t\t\t\t\t<!-- icon -->\n\t\t\t\t\t\t\t\t\t\t\t\t\t\t\t\t\t\t\t\t\t\t\n\t\t\t\t\t\t\t\t\t\t<\/a>\n\t\t\t\t\t\t\t\t\t\t\t\t\t\t\t\t\t\t\t\n\t\t\t\t\t\t\t\t\t\t\t\t\t\t\t\t\n\t\t\t\t\t\t\t\t\t\t\t\t\t\t\t\t\t\t\t\t\t\t\t\t\t\t\t\t\t\n\t\t\t\t\t\t\t\t\t\t\t\t\t\t\t\n\t\t\t\t\t\t\n\t\t\t\t\t\t<\/div>\t\t\t\t\t\t\n\t\t\t\t\t<\/div>\n\t\t\t\t\t\t\n\t\t\t\n\n\n\n\t\t\t<\/div>\n<!-- end area -->\n  \n\n\t\t\t\t<\/div>\n\t\t\t\t<\/div>\n\t\t\t\t<div class=\"elementor-element elementor-element-3a320f4 poket-star-rating--align-center elementor-widget elementor-widget-witr_section_title\" data-id=\"3a320f4\" data-element_type=\"widget\" data-e-type=\"widget\" data-widget_type=\"witr_section_title.default\">\n\t\t\t\t<div class=\"elementor-widget-container\">\n\t\t\t\t\t\t\t\t\t\t<!-- title center -->\n\t\t\t\t\t<div class=\"witr_section_title\">\n\t\t\t\t\t\t<div class=\"witr_section_title_inner text-center\">\n\n\t\t\t\t\t\t\t<!-- icon position -->\n\t\t\t\t\t\t\t\t\n\t\t\t\t\t\t\t<!-- end icon position -->\n\t\t\t\t\t\t\t\n\t\t\t\t\t\t\n\t\t\t\t\t\t\t<!-- title top -->\n\t\t\t\t\t\t\t\t\t\t\t\t\t\t\t<h2>ZAWARCIE UMOWY<\/h2>\t\t\n\t\t\t\t\t\t\t\n\n\t\t\t\t\t\t\t<!-- icon position -->\n\t\t\t\t\t\t\t\t\n\t\t\t\t\t\t\t<!-- end icon position -->\n\n\n\t\t\t\t\t\t\t\n\t\t\t\t\t\t\t<!-- title middle -->\n\t\t\t\t\t\t\t\t\t\t\t\t\t\t<!-- title bottom -->\n\t\t\t\t\t\t\t\n\t\t\t\t\t\t\t\n\t\t\t\t\t\t\t\n\t\t\t\t\t\t\t\t\t\t\t\t\t\t\n\t\t\t\t\t\t\t<!-- image -->\n\t\t\t\t\t\t\t\t\t\t\t\t\t\t<!-- icon -->\n\t\t\t\t\t\t\t\t\t\t\t\t\t\t\n\t\t\t\t\t\t\t<!-- bar -->\n\t\t\t\t\t\t\t\t\t\t\t\t\t\t<!-- circle bar -->\n\t\t\t\t\t\t\t\t\t\t\t\t\t\t\n\t\t\t\t\t\t\t\t\n\t\t\t\t\t\t\t\n\n\t\t\t\t\t\t\t\n\t\t\t\t\t\t\t<!-- content -->\n\t\t\t\t\t\t\t\t\t\t\t\t\t\t\n\t\t\t\t\t\t<\/div>\n\t\t\t\t\t\t\t<!-- inner title -->\n\t\t\t\t\t\t\t\t\t\t\t\t\t\n\t\t\t\t\t<\/div>\n\n\t\t\t\t\t\t\t\t<\/div>\n\t\t\t\t<\/div>\n\t\t\t\t<div class=\"elementor-element elementor-element-b25d4eb poket-star-rating--align-center elementor-widget elementor-widget-witr_section_list\" data-id=\"b25d4eb\" data-element_type=\"widget\" data-e-type=\"widget\" data-widget_type=\"witr_section_list.default\">\n\t\t\t\t<div class=\"elementor-widget-container\">\n\t\t\t\t\t\t\t\n\t\t\t<div class=\"departmentList all_list_color\">\n\t\t\t\t<!-- title -->\n\t\t\t\t\n\t\t\t\t\t<ul>\n\t\t\t\t\t\t\t\t\t\t\t\t\t\t\t\t\t\t<li>\n\t\t\t\t\t\t\t\t\t\t\t\t\t\t\t\t<span>\n\t\t\t\t\t\t\t\t\t\t\t\t\t\t\t\t\t\t\t<i class=\"fas fa-check-circle\"><\/i>\n\t\t\t\t\t\t\t\t\tPo wp\u0142yni\u0119ciu poprawnego zg\u0142oszenia  JC Bioekspert przekazuje zg\u0142oszenie do w\u0142a\u015bciwego WIJHARS.\t\t\t\t\t\t\t\t<\/span>\n\t\t\t\t\t\t\t<\/li>\n\t\t\t\t\t\t\t\t\t\t\t\t\t<li>\n\t\t\t\t\t\t\t\t\t\t\t\t\t\t\t\t<span>\n\t\t\t\t\t\t\t\t\t\t\t\t\t\t\t\t\t\t\t<i class=\"fas fa-check-circle\"><\/i>\n\t\t\t\t\t\t\t\t\tDo producenta zostaje wys\u0142ana umowa (w dw\u00f3ch egzemplarzach), jeden podpisany egzemplarz nale\u017cy wysy\u0142a\u0107 do JC Bioekspert na adres biura, drugi egzemplarz zachowa\u0107 w dokumentacji.\t\t\t\t\t\t\t\t<\/span>\n\t\t\t\t\t\t\t<\/li>\n\t\t\t\t\t\t\t\t\t\t\t\t\t<li>\n\t\t\t\t\t\t\t\t\t\t\t\t\t\t\t\t<span>\n\t\t\t\t\t\t\t\t\t\t\t\t\t\t\t\t\t\t\t<i class=\"fas fa-check-circle\"><\/i>\n\t\t\t\t\t\t\t\t\tProducent wype\u0142nia Opis ekologicznej jednostki produkcyjnej oraz Wniosek o certyfikacj\u0119.\t\t\t\t\t\t\t\t<\/span>\n\t\t\t\t\t\t\t<\/li>\n\t\t\t\t\t\t\t\t\t\t\t\t\t<li>\n\t\t\t\t\t\t\t\t\t\t\t\t\t\t\t\t<span>\n\t\t\t\t\t\t\t\t\t\t\t\t\t\t\t\t\t\t\t<i class=\"fas fa-check-circle\"><\/i>\n\t\t\t\t\t\t\t\t\tProducent odsy\u0142a JC Bioekspert wype\u0142nione dokumenty, (dopuszczalna jest wersja elektroniczna \u2013 skan podpisanych dokument\u00f3w).\t\t\t\t\t\t\t\t<\/span>\n\t\t\t\t\t\t\t<\/li>\n\t\t\t\t\t\t\t\t\t\t\t\n\t\t\t\t\t<\/ul>\t\t\t\t\t\n\t\t\t\t<!-- button -->\n\t\t\t\t\t\t\t\t\n\t\t\t<\/div>\t\t\n\n\t\t\t\t\t\t<\/div>\n\t\t\t\t<\/div>\n\t\t\t\t<div class=\"elementor-element elementor-element-e25494d poket-star-rating--align-center poket-star-rating--align-center elementor-widget elementor-widget-witr_section_button\" data-id=\"e25494d\" data-element_type=\"widget\" data-e-type=\"widget\" data-widget_type=\"witr_section_button.default\">\n\t\t\t\t<div class=\"elementor-widget-container\">\n\t\t\t\t\t<!-- area -->\n\t\t\t<div class=\"witr_button_area\">\n\n\t\t\t\t\t\t\t\t<!--  post meta -->\n\n\n\t\t\t\t\t\t\t\t\t<!-- btn default style -->\n\t\t\t\t\t<div class=\"witr_btn_style mr\">\n\t\t\t\t\t\t<div class=\"witr_btn_sinner\">\t\n\t\t\t\t\t\t\n\t\t\t\t\t\t\t\t\t\t\t\t\t\t\t\t\t\t\t\t\t\t\t\t\t\t<a href=\"\" class=\"witr_btn\">OPIS EKOLOGICZNEJ JEDNOSTKI PRODUKCYJNEJ\t\t\t\t\t\t\t\t\t\t\t<!-- icon -->\n\t\t\t\t\t\t\t\t\t\t\t\t\t\t\t\t\t\t\t\t\t\t\n\t\t\t\t\t\t\t\t\t\t<\/a>\n\t\t\t\t\t\t\t\t\t\t\t\t\t\t\t\t\t\t\t\n\t\t\t\t\t\t\t\t\t\t\t\t\t\t\t\t\n\t\t\t\t\t\t\t\t\t\t\t\t\t\t\t\t\t\t\t\t\t\t\t\t\t\t\t\t\t\n\t\t\t\t\t\t\t\t\t\t\t\t\t\t\t\n\t\t\t\t\t\t\n\t\t\t\t\t\t<\/div>\t\t\t\t\t\t\n\t\t\t\t\t<\/div>\n\t\t\t\t\t\t\n\t\t\t\n\n\n\n\t\t\t<\/div>\n<!-- end area -->\n  \n\n\t\t\t\t<\/div>\n\t\t\t\t<\/div>\n\t\t\t\t<div class=\"elementor-element elementor-element-ef57d59 poket-star-rating--align-center poket-star-rating--align-center elementor-widget elementor-widget-witr_section_button\" data-id=\"ef57d59\" data-element_type=\"widget\" data-e-type=\"widget\" data-widget_type=\"witr_section_button.default\">\n\t\t\t\t<div class=\"elementor-widget-container\">\n\t\t\t\t\t<!-- area -->\n\t\t\t<div class=\"witr_button_area\">\n\n\t\t\t\t\t\t\t\t<!--  post meta -->\n\n\n\t\t\t\t\t\t\t\t\t<!-- btn default style -->\n\t\t\t\t\t<div class=\"witr_btn_style mr\">\n\t\t\t\t\t\t<div class=\"witr_btn_sinner\">\t\n\t\t\t\t\t\t\n\t\t\t\t\t\t\t\t\t\t\t\t\t\t\t\t\t\t\t\t\t\t\t\t\t\t<a href=\"\/index.php\/2022\/02\/02\/wniosek-o-certyfikacje-dystrybucja\/\" class=\"witr_btn\">WNIOSEK O CERTYFIKACJ\u0118\t\t\t\t\t\t\t\t\t\t\t<!-- icon -->\n\t\t\t\t\t\t\t\t\t\t\t\t\t\t\t\t\t\t\t\t\t\t\n\t\t\t\t\t\t\t\t\t\t<\/a>\n\t\t\t\t\t\t\t\t\t\t\t\t\t\t\t\t\t\t\t\n\t\t\t\t\t\t\t\t\t\t\t\t\t\t\t\t\n\t\t\t\t\t\t\t\t\t\t\t\t\t\t\t\t\t\t\t\t\t\t\t\t\t\t\t\t\t\n\t\t\t\t\t\t\t\t\t\t\t\t\t\t\t\n\t\t\t\t\t\t\n\t\t\t\t\t\t<\/div>\t\t\t\t\t\t\n\t\t\t\t\t<\/div>\n\t\t\t\t\t\t\n\t\t\t\n\n\n\n\t\t\t<\/div>\n<!-- end area -->\n  \n\n\t\t\t\t<\/div>\n\t\t\t\t<\/div>\n\t\t\t\t<div class=\"elementor-element elementor-element-3e2f2cd poket-star-rating--align-center elementor-widget elementor-widget-witr_section_title\" data-id=\"3e2f2cd\" data-element_type=\"widget\" data-e-type=\"widget\" data-widget_type=\"witr_section_title.default\">\n\t\t\t\t<div class=\"elementor-widget-container\">\n\t\t\t\t\t\t\t\t\t\t<!-- title center -->\n\t\t\t\t\t<div class=\"witr_section_title\">\n\t\t\t\t\t\t<div class=\"witr_section_title_inner text-center\">\n\n\t\t\t\t\t\t\t<!-- icon position -->\n\t\t\t\t\t\t\t\t\n\t\t\t\t\t\t\t<!-- end icon position -->\n\t\t\t\t\t\t\t\n\t\t\t\t\t\t\n\t\t\t\t\t\t\t<!-- title top -->\n\t\t\t\t\t\t\t\t\t\t\t\t\t\t\t<h2>KONTROLA<\/h2>\t\t\n\t\t\t\t\t\t\t\n\n\t\t\t\t\t\t\t<!-- icon position -->\n\t\t\t\t\t\t\t\t\n\t\t\t\t\t\t\t<!-- end icon position -->\n\n\n\t\t\t\t\t\t\t\n\t\t\t\t\t\t\t<!-- title middle -->\n\t\t\t\t\t\t\t\t\t\t\t\t\t\t<!-- title bottom -->\n\t\t\t\t\t\t\t\n\t\t\t\t\t\t\t\n\t\t\t\t\t\t\t\n\t\t\t\t\t\t\t\t\t\t\t\t\t\t\n\t\t\t\t\t\t\t<!-- image -->\n\t\t\t\t\t\t\t\t\t\t\t\t\t\t<!-- icon -->\n\t\t\t\t\t\t\t\t\t\t\t\t\t\t\n\t\t\t\t\t\t\t<!-- bar -->\n\t\t\t\t\t\t\t\t\t\t\t\t\t\t<!-- circle bar -->\n\t\t\t\t\t\t\t\t\t\t\t\t\t\t\n\t\t\t\t\t\t\t\t\n\t\t\t\t\t\t\t\n\n\t\t\t\t\t\t\t\n\t\t\t\t\t\t\t<!-- content -->\n\t\t\t\t\t\t\t\t\t\t\t\t\t\t\n\t\t\t\t\t\t<\/div>\n\t\t\t\t\t\t\t<!-- inner title -->\n\t\t\t\t\t\t\t\t\t\t\t\t\t\n\t\t\t\t\t<\/div>\n\n\t\t\t\t\t\t\t\t<\/div>\n\t\t\t\t<\/div>\n\t\t\t\t<div class=\"elementor-element elementor-element-9b21328 poket-star-rating--align-center elementor-widget elementor-widget-witr_section_list\" data-id=\"9b21328\" data-element_type=\"widget\" data-e-type=\"widget\" data-widget_type=\"witr_section_list.default\">\n\t\t\t\t<div class=\"elementor-widget-container\">\n\t\t\t\t\t\t\t\n\t\t\t<div class=\"departmentList all_list_color\">\n\t\t\t\t<!-- title -->\n\t\t\t\t\n\t\t\t\t\t<ul>\n\t\t\t\t\t\t\t\t\t\t\t\t\t\t\t\t\t\t<li>\n\t\t\t\t\t\t\t\t\t\t\t\t\t\t\t\t<span>\n\t\t\t\t\t\t\t\t\t\t\t\t\t\t\t\t\t\t\t<i class=\"fas fa-check-circle\"><\/i>\n\t\t\t\t\t\t\t\t\tJC Bioekspert przesy\u0142a do przetw\u00f3rcy plan kontroli w ustalonym terminie.\t\t\t\t\t\t\t\t<\/span>\n\t\t\t\t\t\t\t<\/li>\n\t\t\t\t\t\t\t\t\t\t\t\t\t<li>\n\t\t\t\t\t\t\t\t\t\t\t\t\t\t\t\t<span>\n\t\t\t\t\t\t\t\t\t\t\t\t\t\t\t\t\t\t\t<i class=\"fas fa-check-circle\"><\/i>\n\t\t\t\t\t\t\t\t\tPo kontroli JC Bioekspert przesy\u0142a przetw\u00f3rcy faktur\u0119 za kontrol\u0119.\t\t\t\t\t\t\t\t<\/span>\n\t\t\t\t\t\t\t<\/li>\n\t\t\t\t\t\t\t\t\t\t\t\n\t\t\t\t\t<\/ul>\t\t\t\t\t\n\t\t\t\t<!-- button -->\n\t\t\t\t\t\t\t\t\n\t\t\t<\/div>\t\t\n\n\t\t\t\t\t\t<\/div>\n\t\t\t\t<\/div>\n\t\t\t\t<div class=\"elementor-element elementor-element-89d22c5 poket-star-rating--align-center elementor-widget elementor-widget-witr_section_title\" data-id=\"89d22c5\" data-element_type=\"widget\" data-e-type=\"widget\" data-widget_type=\"witr_section_title.default\">\n\t\t\t\t<div class=\"elementor-widget-container\">\n\t\t\t\t\t\t\t\t\t\t<!-- title center -->\n\t\t\t\t\t<div class=\"witr_section_title\">\n\t\t\t\t\t\t<div class=\"witr_section_title_inner text-center\">\n\n\t\t\t\t\t\t\t<!-- icon position -->\n\t\t\t\t\t\t\t\t\n\t\t\t\t\t\t\t<!-- end icon position -->\n\t\t\t\t\t\t\t\n\t\t\t\t\t\t\n\t\t\t\t\t\t\t<!-- title top -->\n\t\t\t\t\t\t\t\t\t\t\t\t\t\t\t<h2>CERTYFIKACJA<\/h2>\t\t\n\t\t\t\t\t\t\t\n\n\t\t\t\t\t\t\t<!-- icon position -->\n\t\t\t\t\t\t\t\t\n\t\t\t\t\t\t\t<!-- end icon position -->\n\n\n\t\t\t\t\t\t\t\n\t\t\t\t\t\t\t<!-- title middle -->\n\t\t\t\t\t\t\t\t\t\t\t\t\t\t<!-- title bottom -->\n\t\t\t\t\t\t\t\n\t\t\t\t\t\t\t\n\t\t\t\t\t\t\t\n\t\t\t\t\t\t\t\t\t\t\t\t\t\t\n\t\t\t\t\t\t\t<!-- image -->\n\t\t\t\t\t\t\t\t\t\t\t\t\t\t<!-- icon -->\n\t\t\t\t\t\t\t\t\t\t\t\t\t\t\n\t\t\t\t\t\t\t<!-- bar -->\n\t\t\t\t\t\t\t\t\t\t\t\t\t\t<!-- circle bar -->\n\t\t\t\t\t\t\t\t\t\t\t\t\t\t\n\t\t\t\t\t\t\t\t\n\t\t\t\t\t\t\t\n\n\t\t\t\t\t\t\t\n\t\t\t\t\t\t\t<!-- content -->\n\t\t\t\t\t\t\t\t\t\t\t\t\t\t\n\t\t\t\t\t\t<\/div>\n\t\t\t\t\t\t\t<!-- inner title -->\n\t\t\t\t\t\t\t\t\t\t\t\t\t\n\t\t\t\t\t<\/div>\n\n\t\t\t\t\t\t\t\t<\/div>\n\t\t\t\t<\/div>\n\t\t\t\t<div class=\"elementor-element elementor-element-8079b52 poket-star-rating--align-center elementor-widget elementor-widget-witr_section_list\" data-id=\"8079b52\" data-element_type=\"widget\" data-e-type=\"widget\" data-widget_type=\"witr_section_list.default\">\n\t\t\t\t<div class=\"elementor-widget-container\">\n\t\t\t\t\t\t\t\n\t\t\t<div class=\"departmentList all_list_color\">\n\t\t\t\t<!-- title -->\n\t\t\t\t\n\t\t\t\t\t<ul>\n\t\t\t\t\t\t\t\t\t\t\t\t\t\t\t\t\t\t<li>\n\t\t\t\t\t\t\t\t\t\t\t\t\t\t\t\t<span>\n\t\t\t\t\t\t\t\t\t\t\t\t\t\t\t\t\t\t\t<i class=\"fas fa-check-circle\"><\/i>\n\t\t\t\t\t\t\t\t\tCertyfikat jest wydawany na produkty rolnictwa ekologicznego.\t\t\t\t\t\t\t\t<\/span>\n\t\t\t\t\t\t\t<\/li>\n\t\t\t\t\t\t\t\t\t\t\t\n\t\t\t\t\t<\/ul>\t\t\t\t\t\n\t\t\t\t<!-- button -->\n\t\t\t\t\t\t\t\t\n\t\t\t<\/div>\t\t\n\n\t\t\t\t\t\t<\/div>\n\t\t\t\t<\/div>\n\t\t\t\t<div class=\"elementor-element elementor-element-b1450b7 poket-star-rating--align-center elementor-widget elementor-widget-witr_section_title\" data-id=\"b1450b7\" data-element_type=\"widget\" data-e-type=\"widget\" data-widget_type=\"witr_section_title.default\">\n\t\t\t\t<div class=\"elementor-widget-container\">\n\t\t\t\t\t\t\t\t\t\t<!-- title center -->\n\t\t\t\t\t<div class=\"witr_section_title\">\n\t\t\t\t\t\t<div class=\"witr_section_title_inner text-center\">\n\n\t\t\t\t\t\t\t<!-- icon position -->\n\t\t\t\t\t\t\t\t\n\t\t\t\t\t\t\t<!-- end icon position -->\n\t\t\t\t\t\t\t\n\t\t\t\t\t\t\n\t\t\t\t\t\t\t<!-- title top -->\n\t\t\t\t\t\t\t\t\t\t\t\t\t\t\t<h2>PRZEKAZYWANIE DANYCH<\/h2>\t\t\n\t\t\t\t\t\t\t\n\n\t\t\t\t\t\t\t<!-- icon position -->\n\t\t\t\t\t\t\t\t\n\t\t\t\t\t\t\t<!-- end icon position -->\n\n\n\t\t\t\t\t\t\t\n\t\t\t\t\t\t\t<!-- title middle -->\n\t\t\t\t\t\t\t\t\t\t\t\t\t\t<!-- title bottom -->\n\t\t\t\t\t\t\t\n\t\t\t\t\t\t\t\n\t\t\t\t\t\t\t\n\t\t\t\t\t\t\t\t\t\t\t\t\t\t\n\t\t\t\t\t\t\t<!-- image -->\n\t\t\t\t\t\t\t\t\t\t\t\t\t\t<!-- icon -->\n\t\t\t\t\t\t\t\t\t\t\t\t\t\t\n\t\t\t\t\t\t\t<!-- bar -->\n\t\t\t\t\t\t\t\t\t\t\t\t\t\t<!-- circle bar -->\n\t\t\t\t\t\t\t\t\t\t\t\t\t\t\n\t\t\t\t\t\t\t\t\n\t\t\t\t\t\t\t\n\n\t\t\t\t\t\t\t\n\t\t\t\t\t\t\t<!-- content -->\n\t\t\t\t\t\t\t\t\t\t\t\t\t\t\n\t\t\t\t\t\t<\/div>\n\t\t\t\t\t\t\t<!-- inner title -->\n\t\t\t\t\t\t\t\t\t\t\t\t\t\n\t\t\t\t\t<\/div>\n\n\t\t\t\t\t\t\t\t<\/div>\n\t\t\t\t<\/div>\n\t\t\t\t<div class=\"elementor-element elementor-element-04acca6 poket-star-rating--align-center elementor-widget elementor-widget-witr_section_list\" data-id=\"04acca6\" data-element_type=\"widget\" data-e-type=\"widget\" data-widget_type=\"witr_section_list.default\">\n\t\t\t\t<div class=\"elementor-widget-container\">\n\t\t\t\t\t\t\t\n\t\t\t<div class=\"departmentList all_list_color\">\n\t\t\t\t<!-- title -->\n\t\t\t\t\n\t\t\t\t\t<ul>\n\t\t\t\t\t\t\t\t\t\t\t\t\t\t\t\t\t\t<li>\n\t\t\t\t\t\t\t\t\t\t\t\t\t\t\t\t<span>\n\t\t\t\t\t\t\t\t\t\t\t\t\t\t\t\t\t\t\t<i class=\"fas fa-check-circle\"><\/i>\n\t\t\t\t\t\t\t\t\tJC Bioekspert zachowuje poufno\u015b\u0107 danych opr\u00f3cz tych, kt\u00f3re jest zobowi\u0105zana przekazywa\u0107 ustawowo.\t\t\t\t\t\t\t\t<\/span>\n\t\t\t\t\t\t\t<\/li>\n\t\t\t\t\t\t\t\t\t\t\t\t\t<li>\n\t\t\t\t\t\t\t\t\t\t\t\t\t\t\t\t<span>\n\t\t\t\t\t\t\t\t\t\t\t\t\t\t\t\t\t\t\t<i class=\"fas fa-check-circle\"><\/i>\n\t\t\t\t\t\t\t\t\tJednostka certyfikuj\u0105ca og\u0142asza na stronie internetowej wykaz producent\u00f3w ekologicznych i udost\u0119pnia wykaz za po\u015brednictwem \u015brodk\u00f3w komunikacji elektronicznej na wniosek zainteresowanego podmiotu.\t\t\t\t\t\t\t\t<\/span>\n\t\t\t\t\t\t\t<\/li>\n\t\t\t\t\t\t\t\t\t\t\t\n\t\t\t\t\t<\/ul>\t\t\t\t\t\n\t\t\t\t<!-- button -->\n\t\t\t\t\t\t\t\t\n\t\t\t<\/div>\t\t\n\n\t\t\t\t\t\t<\/div>\n\t\t\t\t<\/div>\n\t\t\t\t<div class=\"elementor-element elementor-element-1b49a2d poket-star-rating--align-center elementor-widget elementor-widget-witr_section_title\" data-id=\"1b49a2d\" data-element_type=\"widget\" data-e-type=\"widget\" data-widget_type=\"witr_section_title.default\">\n\t\t\t\t<div class=\"elementor-widget-container\">\n\t\t\t\t\t\t\t\t\t\t<!-- title center -->\n\t\t\t\t\t<div class=\"witr_section_title\">\n\t\t\t\t\t\t<div class=\"witr_section_title_inner text-center\">\n\n\t\t\t\t\t\t\t<!-- icon position -->\n\t\t\t\t\t\t\t\t\n\t\t\t\t\t\t\t<!-- end icon position -->\n\t\t\t\t\t\t\t\n\t\t\t\t\t\t\n\t\t\t\t\t\t\t<!-- title top -->\n\t\t\t\t\t\t\t\t\t\t\t\t\t\t\t<h2>OP\u0141ATY<\/h2>\t\t\n\t\t\t\t\t\t\t\n\n\t\t\t\t\t\t\t<!-- icon position -->\n\t\t\t\t\t\t\t\t\n\t\t\t\t\t\t\t<!-- end icon position -->\n\n\n\t\t\t\t\t\t\t\n\t\t\t\t\t\t\t<!-- title middle -->\n\t\t\t\t\t\t\t\t\t\t\t\t\t\t<!-- title bottom -->\n\t\t\t\t\t\t\t\n\t\t\t\t\t\t\t\n\t\t\t\t\t\t\t\n\t\t\t\t\t\t\t\t\t\t\t\t\t\t\n\t\t\t\t\t\t\t<!-- image -->\n\t\t\t\t\t\t\t\t\t\t\t\t\t\t<!-- icon -->\n\t\t\t\t\t\t\t\t\t\t\t\t\t\t\n\t\t\t\t\t\t\t<!-- bar -->\n\t\t\t\t\t\t\t\t\t\t\t\t\t\t<!-- circle bar -->\n\t\t\t\t\t\t\t\t\t\t\t\t\t\t\n\t\t\t\t\t\t\t\t\n\t\t\t\t\t\t\t\n\n\t\t\t\t\t\t\t\n\t\t\t\t\t\t\t<!-- content -->\n\t\t\t\t\t\t\t\t\t\t\t\t\t\t\n\t\t\t\t\t\t<\/div>\n\t\t\t\t\t\t\t<!-- inner title -->\n\t\t\t\t\t\t\t\t\t\t\t\t\t\n\t\t\t\t\t<\/div>\n\n\t\t\t\t\t\t\t\t<\/div>\n\t\t\t\t<\/div>\n\t\t\t\t<div class=\"elementor-element elementor-element-4843e86 poket-star-rating--align-center poket-star-rating--align-center elementor-widget elementor-widget-witr_section_button\" data-id=\"4843e86\" data-element_type=\"widget\" data-e-type=\"widget\" data-widget_type=\"witr_section_button.default\">\n\t\t\t\t<div class=\"elementor-widget-container\">\n\t\t\t\t\t<!-- area -->\n\t\t\t<div class=\"witr_button_area\">\n\n\t\t\t\t\t\t\t\t<!--  post meta -->\n\n\n\t\t\t\t\t\t\t\t\t<!-- btn default style -->\n\t\t\t\t\t<div class=\"witr_btn_style mr\">\n\t\t\t\t\t\t<div class=\"witr_btn_sinner\">\t\n\t\t\t\t\t\t\n\t\t\t\t\t\t\t\t\t\t\t\t\t\t\t\t\t\t\t\t\t\t\t\t\t\t<a href=\"\/index.php\/2023\/01\/09\/cennik\/\" class=\"witr_btn\">CENNIK\t\t\t\t\t\t\t\t\t\t\t<!-- icon -->\n\t\t\t\t\t\t\t\t\t\t\t\t\t\t\t\t\t\t\t\t\t\t\n\t\t\t\t\t\t\t\t\t\t<\/a>\n\t\t\t\t\t\t\t\t\t\t\t\t\t\t\t\t\t\t\t\n\t\t\t\t\t\t\t\t\t\t\t\t\t\t\t\t\n\t\t\t\t\t\t\t\t\t\t\t\t\t\t\t\t\t\t\t\t\t\t\t\t\t\t\t\t\t\n\t\t\t\t\t\t\t\t\t\t\t\t\t\t\t\n\t\t\t\t\t\t\n\t\t\t\t\t\t<\/div>\t\t\t\t\t\t\n\t\t\t\t\t<\/div>\n\t\t\t\t\t\t\n\t\t\t\n\n\n\n\t\t\t<\/div>\n<!-- end area -->\n  \n\n\t\t\t\t<\/div>\n\t\t\t\t<\/div>\n\t\t\t\t\t<\/div>\n\t\t<\/div>\n\t\t\t\t\t<\/div>\n\t\t<\/section>\n\t\t\t\t<\/div>\n\t\t","protected":false},"excerpt":{"rendered":"<p>ZG\u0141OSZENIE DZIA\u0141ALNO\u015aCI Producent wype\u0142nia zg\u0142oszenie w dw\u00f3ch egzemplarzach, jeden egzemplarz wysy\u0142a do JC Bioekspert, (dopuszczalna jest wersja elektroniczna \u2013 skan podpisanego dokumentu), drugi egzemplarz zachowuje w dokumentacji przedsi\u0119biorstwa. ZG\u0141OSZENIE DZIA\u0141ALNO\u015aCI W ZAKRESIE ROLNICTWA EKOLOGICZNEGO ZAWARCIE UMOWY Po wp\u0142yni\u0119ciu poprawnego zg\u0142oszenia JC Bioekspert przekazuje zg\u0142oszenie do w\u0142a\u015bciwego WIJHARS. Do producenta zostaje wys\u0142ana umowa (w dw\u00f3ch egzemplarzach), [&hellip;]<\/p>\n","protected":false},"author":2,"featured_media":0,"parent":0,"menu_order":0,"comment_status":"closed","ping_status":"closed","template":"","meta":{"footnotes":""},"class_list":["post-12416","page","type-page","status-publish","hentry"],"_links":{"self":[{"href":"https:\/\/bioekspert.pl\/index.php\/wp-json\/wp\/v2\/pages\/12416","targetHints":{"allow":["GET"]}}],"collection":[{"href":"https:\/\/bioekspert.pl\/index.php\/wp-json\/wp\/v2\/pages"}],"about":[{"href":"https:\/\/bioekspert.pl\/index.php\/wp-json\/wp\/v2\/types\/page"}],"author":[{"embeddable":true,"href":"https:\/\/bioekspert.pl\/index.php\/wp-json\/wp\/v2\/users\/2"}],"replies":[{"embeddable":true,"href":"https:\/\/bioekspert.pl\/index.php\/wp-json\/wp\/v2\/comments?post=12416"}],"version-history":[{"count":30,"href":"https:\/\/bioekspert.pl\/index.php\/wp-json\/wp\/v2\/pages\/12416\/revisions"}],"predecessor-version":[{"id":13785,"href":"https:\/\/bioekspert.pl\/index.php\/wp-json\/wp\/v2\/pages\/12416\/revisions\/13785"}],"wp:attachment":[{"href":"https:\/\/bioekspert.pl\/index.php\/wp-json\/wp\/v2\/media?parent=12416"}],"curies":[{"name":"wp","href":"https:\/\/api.w.org\/{rel}","templated":true}]}}